{"id":719,"date":"2017-06-30T16:34:49","date_gmt":"2017-06-30T16:34:49","guid":{"rendered":"http:\/\/www.jardinparaisodeleden.com\/?page_id=719"},"modified":"2017-06-30T17:33:29","modified_gmt":"2017-06-30T17:33:29","slug":"jardineria","status":"publish","type":"page","link":"https:\/\/jardinparaisodeleden.com\/?page_id=719","title":{"rendered":"JARDINERIA"},"content":{"rendered":"<div class=\"wpb-content-wrapper\"><p>[vc_row full_width=&#8221;stretch_row&#8221; parallax=&#8221;content-moving&#8221; parallax_image=&#8221;626&#8243; css=&#8221;.vc_custom_1498840600995{padding-top: 128px !important;padding-bottom: 128px !important;}&#8221;][vc_column][vc_custom_heading text=&#8221;JARDINERIA Y PAISAJISMO&#8221; font_container=&#8221;tag:h1|text_align:center|color:%23ffffff&#8221; use_theme_fonts=&#8221;yes&#8221; css=&#8221;.vc_custom_1498840609845{margin-bottom: 0px !important;}&#8221;][\/vc_column][\/vc_row][vc_row bg_type=&#8221;bg_color&#8221; bg_override=&#8221;full&#8221; bg_color_value=&#8221;#e5edf1&#8243; css=&#8221;.vc_custom_1498843807420{padding-bottom: 12px !important;}&#8221;][vc_column][vc_single_image image=&#8221;740&#8243; img_size=&#8221;full&#8221; alignment=&#8221;center&#8221;]<div id=\"ultimate-heading-220469e1eb2bb5535\" class=\"uvc-heading ult-adjust-bottom-margin ultimate-heading-220469e1eb2bb5535 uvc-3855 \" data-hspacer=\"no_spacer\"  data-halign=\"center\" style=\"text-align:center\"><div class=\"uvc-heading-spacer no_spacer\" style=\"top\"><\/div><div class=\"uvc-main-heading ult-responsive\"  data-ultimate-target='.uvc-heading.ultimate-heading-220469e1eb2bb5535 h2'  data-responsive-json-new='{\"font-size\":\"\",\"line-height\":\"desktop:27px;\"}' ><h2 style=\"font-weight:bold;\">Jardineria<\/h2><\/div><div class=\"uvc-sub-heading ult-responsive\"  data-ultimate-target='.uvc-heading.ultimate-heading-220469e1eb2bb5535 .uvc-sub-heading '  data-responsive-json-new='{\"font-size\":\"\",\"line-height\":\"\"}'  style=\"font-weight:normal;\">\n<p style=\"text-align: center;\"><span style=\"font-size: 16px; color: #2e353e;\">www.jardinparaisodeleden.com<\/span><\/p>\n<p><\/div><\/div>[vc_row_inner][vc_column_inner][vc_column_text]Cuando uno planifica el parque, jard\u00edn, terraza o balc\u00f3n de su casa, le deber\u00eda dedicar la misma atenci\u00f3n que le dedica a la decoraci\u00f3n de su interior, ya que \u00e9ste es el marco de la misma.<\/p>\n<p>Por esto, cuando nosotros dise\u00f1amos un proyecto, lo hacemos para que su propietario lo disfrute, adecuando cada jard\u00edn a los gustos y necesidades de cada cliente y tomando cada proyecto como \u00fanico. Ponemos en \u00e9l la misma dedicaci\u00f3n y eficacia como si ese proyecto fuera para nosotros.<\/p>\n<p>Con los mejores jardineros, un enfoque est\u00e9tico y ecol\u00f3gico brindamos los servicios de mantenimiento de jardines.[\/vc_column_text][\/vc_column_inner][\/vc_row_inner][vc_btn title=&#8221;Cont\u00e1ctanos&#8221; color=&#8221;green&#8221; size=&#8221;lg&#8221; align=&#8221;center&#8221; i_icon_fontawesome=&#8221;fa fa-envelope-o&#8221; add_icon=&#8221;true&#8221; link=&#8221;url:http%3A%2F%2Fwww.jardinparaisodeleden.com%2Fcontacto%2F|||&#8221;][\/vc_column][\/vc_row][vc_row bg_type=&#8221;bg_color&#8221; bg_override=&#8221;full&#8221; bg_color_value=&#8221;#e5edf1&#8243; el_class=&#8221;strategy-row&#8221;][vc_column width=&#8221;1\/3&#8243; css=&#8221;.vc_custom_1488584435777{margin-bottom: 25px !important;}&#8221;][vc_single_image image=&#8221;725&#8243; img_size=&#8221;full&#8221; css=&#8221;.vc_custom_1498841633164{border-bottom-width: 30px !important;}&#8221;][\/vc_column][vc_column width=&#8221;1\/3&#8243; css=&#8221;.vc_custom_1488584475527{margin-bottom: 25px !important;}&#8221;][vc_single_image image=&#8221;726&#8243; img_size=&#8221;full&#8221; css=&#8221;.vc_custom_1498841654027{border-bottom-width: 30px !important;}&#8221;][\/vc_column][vc_column width=&#8221;1\/3&#8243; css=&#8221;.vc_custom_1488584488109{margin-bottom: 25px !important;}&#8221;][vc_single_image image=&#8221;727&#8243; img_size=&#8221;full&#8221; css=&#8221;.vc_custom_1498841664533{border-bottom-width: 30px !important;}&#8221;][\/vc_column][\/vc_row][vc_row bg_type=&#8221;bg_color&#8221; bg_override=&#8221;full&#8221; bg_color_value=&#8221;#e5edf1&#8243; el_class=&#8221;strategy-row&#8221;][vc_column width=&#8221;1\/3&#8243; css=&#8221;.vc_custom_1488584684272{margin-bottom: 25px !important;}&#8221;][vc_single_image image=&#8221;728&#8243; img_size=&#8221;full&#8221; css=&#8221;.vc_custom_1498841689226{border-bottom-width: 30px !important;}&#8221;][\/vc_column][vc_column width=&#8221;1\/3&#8243; css=&#8221;.vc_custom_1488584694816{margin-bottom: 25px !important;}&#8221;][vc_single_image image=&#8221;729&#8243; img_size=&#8221;full&#8221; css=&#8221;.vc_custom_1498841708854{border-bottom-width: 30px !important;}&#8221;][\/vc_column][vc_column width=&#8221;1\/3&#8243; css=&#8221;.vc_custom_1488584712575{margin-bottom: 25px !important;}&#8221;][vc_single_image image=&#8221;730&#8243; img_size=&#8221;full&#8221; css=&#8221;.vc_custom_1498841834353{border-bottom-width: 30px !important;}&#8221;][\/vc_column][\/vc_row]<\/p>\n<\/div>","protected":false},"excerpt":{"rendered":"<p>[vc_row full_width=&#8221;stretch_row&#8221; parallax=&#8221;content-moving&#8221; parallax_image=&#8221;626&#8243; css=&#8221;.vc_custom_1498840600995{padding-top: 128px !important;padding-bottom: 128px !important;}&#8221;][vc_column][vc_custom_heading text=&#8221;JARDINERIA Y PAISAJISMO&#8221; font_container=&#8221;tag:h1|text_align:center|color:%23ffffff&#8221; use_theme_fonts=&#8221;yes&#8221; css=&#8221;.vc_custom_1498840609845{margin-bottom: 0px !important;}&#8221;][\/vc_column][\/vc_row][vc_row bg_type=&#8221;bg_color&#8221; bg_override=&#8221;full&#8221; bg_color_value=&#8221;#e5edf1&#8243; css=&#8221;.vc_custom_1498843807420{padding-bottom: 12px !important;}&#8221;][vc_column][vc_single_image image=&#8221;740&#8243; img_size=&#8221;full&#8221; alignment=&#8221;center&#8221;][vc_row_inner][vc_column_inner][vc_column_text]Cuando uno planifica el parque, jard\u00edn, terraza o balc\u00f3n de su casa, le deber\u00eda dedicar la misma atenci\u00f3n que le dedica a la decoraci\u00f3n de su interior, ya que \u00e9ste [&hellip;]<\/p>\n","protected":false},"author":2,"featured_media":0,"parent":0,"menu_order":0,"comment_status":"closed","ping_status":"closed","template":"","meta":{"footnotes":""},"class_list":["post-719","page","type-page","status-publish","hentry"],"_links":{"self":[{"href":"https:\/\/jardinparaisodeleden.com\/index.php?rest_route=\/wp\/v2\/pages\/719","targetHints":{"allow":["GET"]}}],"collection":[{"href":"https:\/\/jardinparaisodeleden.com\/index.php?rest_route=\/wp\/v2\/pages"}],"about":[{"href":"https:\/\/jardinparaisodeleden.com\/index.php?rest_route=\/wp\/v2\/types\/page"}],"author":[{"embeddable":true,"href":"https:\/\/jardinparaisodeleden.com\/index.php?rest_route=\/wp\/v2\/users\/2"}],"replies":[{"embeddable":true,"href":"https:\/\/jardinparaisodeleden.com\/index.php?rest_route=%2Fwp%2Fv2%2Fcomments&post=719"}],"version-history":[{"count":13,"href":"https:\/\/jardinparaisodeleden.com\/index.php?rest_route=\/wp\/v2\/pages\/719\/revisions"}],"predecessor-version":[{"id":742,"href":"https:\/\/jardinparaisodeleden.com\/index.php?rest_route=\/wp\/v2\/pages\/719\/revisions\/742"}],"wp:attachment":[{"href":"https:\/\/jardinparaisodeleden.com\/index.php?rest_route=%2Fwp%2Fv2%2Fmedia&parent=719"}],"curies":[{"name":"wp","href":"https:\/\/api.w.org\/{rel}","templated":true}]}}