{"id":743,"date":"2017-06-30T18:22:33","date_gmt":"2017-06-30T18:22:33","guid":{"rendered":"http:\/\/www.jardinparaisodeleden.com\/?page_id=743"},"modified":"2021-11-22T12:59:33","modified_gmt":"2021-11-22T12:59:33","slug":"2-2","status":"publish","type":"page","link":"https:\/\/jardinparaisodeleden.com\/","title":{"rendered":"Inicio &#8211; Home"},"content":{"rendered":"<div class=\"wpb-content-wrapper\"><p>[vc_row full_width=&#8221;stretch_row&#8221; css=&#8221;.vc_custom_1498766704272{padding-top: 20px !important;padding-bottom: 20px !important;background-color: #353535 !important;}&#8221; el_class=&#8221;home-intro&#8221;][vc_column offset=&#8221;vc_col-lg-8 vc_col-md-8&#8243;][vc_column_text css=&#8221;.vc_custom_1498753867380{margin-bottom: 0px !important;}&#8221;]<\/p>\n<p class=\"text-color-light\">En Jardin Paraiso del Eden estamos comprometidos a hacer realidad tu imaginaci\u00f3n. Contamos con una amplia experiencia y cientos de clientes satisfechos. <span class=\"text-color-primary\">Jardiner\u00eda y Fumigaci\u00f3n<\/span><\/p>\n<p>[\/vc_column_text][\/vc_column][vc_column offset=&#8221;vc_col-lg-4 vc_col-md-4&#8243;][vc_btn title=&#8221;Cont\u00e1ctanos&#8221; color=&#8221;white&#8221; size=&#8221;lg&#8221; align=&#8221;right&#8221; skin=&#8221;primary&#8221; link=&#8221;url:http%3A%2F%2Fwww.jardinparaisodeleden.com%2Fcontacto%2F|||&#8221; el_class=&#8221;custom-btn-style-1 font-weight-semibold&#8221; css=&#8221;.vc_custom_1498754203262{margin-top: 10px !important;margin-bottom: 10px !important;}&#8221;][\/vc_column][\/vc_row][vc_row full_width=&#8221;stretch_row_content&#8221; equal_height=&#8221;yes&#8221; content_placement=&#8221;middle&#8221;][vc_column remove_margin_top=&#8221;yes&#8221; remove_margin_bottom=&#8221;yes&#8221; remove_padding_top=&#8221;yes&#8221; remove_padding_bottom=&#8221;yes&#8221; remove_border=&#8221;yes&#8221; offset=&#8221;vc_col-lg-6 vc_col-md-6&#8243; el_class=&#8221;custom-parallax-height&#8221; css=&#8221;.vc_custom_1498748512370{background-image: url(http:\/\/www.jardinparaisodeleden.com\/wp-content\/uploads\/2017\/03\/disenos-jardines3.jpg?id=649) !important;}&#8221;][vc_single_image image=&#8221;729&#8243; img_size=&#8221;full&#8221;][\/vc_column][vc_column css=&#8221;.vc_custom_1488957893710{padding-top: 15px !important;padding-bottom: 50px !important;background-color: #f4f4f4 !important;}&#8221; offset=&#8221;vc_col-lg-6 vc_col-md-6&#8243;]<div class=\"porto-container container  col-half-section col-half-section-left\">[vc_custom_heading text=&#8221;Dise\u00f1o de Jardines&#8221; font_container=&#8221;tag:h2|text_align:left|color:%231d2127&#8243; use_theme_fonts=&#8221;yes&#8221; text_transform=&#8221;text-uppercase&#8221; css=&#8221;.vc_custom_1498746968394{margin-bottom: 0px !important;}&#8221;][vc_column_text el_class=&#8221;text-color-dark m-b-md&#8221;][\/vc_column_text][vc_column_text css=&#8221;.vc_custom_1498747217533{margin-bottom: 40px !important;}&#8221;]Dise\u00f1ar, crear y mantener jardines con criterios de sostenibilidad es una eficaz manera de contribuir al desarrollo sostenible, reduciendo al m\u00ednimo el uso de recursos, al tiempo que se optimiza su consumo y funcionalidad.<\/p>\n<p>Sobre esta idea Jardin Paraiso del Eden realiza el dise\u00f1o de todo tipo de jardines en exterior o interior, atendiendo a diferentes gustos y caracter\u00edsticas clim\u00e1ticas.[\/vc_column_text][vc_btn title=&#8221;Leer mas&#8221; style=&#8221;outline&#8221; shape=&#8221;square&#8221; color=&#8221;white&#8221; size=&#8221;lg&#8221; align=&#8221;right&#8221; skin=&#8221;primary&#8221; link=&#8221;url:http%3A%2F%2Fwww.jardinparaisodeleden.com%2Fjardineria%2F|||&#8221; el_class=&#8221;custom-btn-style-2 text-color-dark font-weight-semibold&#8221; css=&#8221;.vc_custom_1498857811509{margin-bottom: 10px !important;}&#8221;]<\/div>[\/vc_column][\/vc_row][vc_row full_width=&#8221;stretch_row_content&#8221; equal_height=&#8221;yes&#8221; content_placement=&#8221;middle&#8221; el_class=&#8221;custom-sm-flex-order&#8221;][vc_column offset=&#8221;vc_col-lg-6 vc_col-md-6&#8243; css=&#8221;.vc_custom_1488957656360{padding-top: 13px !important;padding-bottom: 50px !important;background-color: #f4f4f4 !important;}&#8221;]<div class=\"porto-container container  col-half-section col-half-section-right\">[vc_custom_heading text=&#8221;Riego autom\u00e1tico&#8221; font_container=&#8221;tag:h2|text_align:right|color:%231d2127&#8243; use_theme_fonts=&#8221;yes&#8221; text_transform=&#8221;text-uppercase&#8221; css=&#8221;.vc_custom_1498748750006{margin-bottom: 0px !important;}&#8221;][vc_column_text el_class=&#8221;text-color-dark m-b-md align-right&#8221;][\/vc_column_text][vc_column_text css=&#8221;.vc_custom_1498748792058{margin-bottom: 40px !important;}&#8221; el_class=&#8221;align-right&#8221;]Tenemos el servicio que se ajusta a sus necesidades. Somos flexibles y nos adaptamos al tama\u00f1o de su jard\u00edn. No importa si es un jard\u00edn unifamiliar, comunidad o empresa.<\/p>\n<p>Somos profesionales y sacaremos partido a las posibilidades que tenga su jard\u00edn. Un buen cuidado har\u00e1 que est\u00e9 mucho m\u00e1s bonito.[\/vc_column_text][vc_btn title=&#8221;Leer mas&#8221; style=&#8221;outline&#8221; shape=&#8221;square&#8221; color=&#8221;white&#8221; size=&#8221;lg&#8221; align=&#8221;right&#8221; skin=&#8221;primary&#8221; link=&#8221;url:http%3A%2F%2Fwww.jardinparaisodeleden.com%2Friego-automatico%2F|||&#8221; el_class=&#8221;custom-btn-style-2 text-color-dark font-weight-semibold&#8221; css=&#8221;.vc_custom_1498857827187{margin-bottom: 10px !important;}&#8221;]<\/div>[\/vc_column][vc_column css=&#8221;.vc_custom_1498749303390{padding-top: 15px !important;padding-bottom: 50px !important;background-image: url(http:\/\/www.jardinparaisodeleden.com\/wp-content\/uploads\/2017\/03\/riego-automatico-1.jpg?id=653) !important;}&#8221; offset=&#8221;vc_col-lg-6 vc_col-md-6&#8243; el_class=&#8221;custom-parallax-height&#8221;][vc_single_image image=&#8221;760&#8243; img_size=&#8221;full&#8221;][\/vc_column][\/vc_row][vc_row full_width=&#8221;stretch_row_content&#8221; equal_height=&#8221;yes&#8221; content_placement=&#8221;middle&#8221;][vc_column offset=&#8221;vc_col-lg-6 vc_col-md-6&#8243; el_class=&#8221;custom-parallax-height&#8221; css=&#8221;.vc_custom_1498751792824{background-image: url(http:\/\/www.jardinparaisodeleden.com\/wp-content\/uploads\/2017\/03\/fumiga.jpg?id=656) !important;}&#8221;][vc_single_image image=&#8221;749&#8243; img_size=&#8221;full&#8221;][\/vc_column][vc_column css=&#8221;.vc_custom_1488957677937{padding-top: 13px !important;padding-bottom: 50px !important;background-color: #f4f4f4 !important;}&#8221; offset=&#8221;vc_col-lg-6 vc_col-md-6&#8243;]<div class=\"porto-container container  col-half-section col-half-section-left\">[vc_custom_heading text=&#8221;Tratamiento fitosanitario&#8221; font_container=&#8221;tag:h2|text_align:left|color:%231d2127&#8243; use_theme_fonts=&#8221;yes&#8221; text_transform=&#8221;text-uppercase&#8221; css=&#8221;.vc_custom_1498751803939{margin-bottom: 0px !important;}&#8221;][vc_column_text el_class=&#8221;text-color-dark m-b-md&#8221;][\/vc_column_text][vc_column_text css=&#8221;.vc_custom_1498751825865{margin-bottom: 40px !important;}&#8221;]Ponemos a su alcance las mejores t\u00e9cnicas en control de plagas, fumigaci\u00f3n de jardines y tratamientos para el control de insectos.<\/p>\n<p>Para evitar plagas y enfermedades en su jard\u00edn mantenga las plantas fuertes y vigorosas, as\u00ed sus plantas ser\u00e1n mucho m\u00e1s resistentes a los par\u00e1sitos.[\/vc_column_text][vc_btn title=&#8221;Leer mas&#8221; style=&#8221;outline&#8221; shape=&#8221;square&#8221; color=&#8221;white&#8221; size=&#8221;lg&#8221; align=&#8221;left&#8221; skin=&#8221;primary&#8221; link=&#8221;url:http%3A%2F%2Fwww.jardinparaisodeleden.com%2Ffumigacion%2F|||&#8221; el_class=&#8221;custom-btn-style-2 text-color-dark font-weight-semibold&#8221; css=&#8221;.vc_custom_1498857841250{margin-bottom: 10px !important;}&#8221;]<\/div>[\/vc_column][\/vc_row][vc_row full_width=&#8221;stretch_row&#8221; css=&#8221;.vc_custom_1488558585886{padding-top: 60px !important;padding-bottom: 60px !important;}&#8221; el_class=&#8221;background-color-tertiary&#8221;][vc_column][vc_custom_heading text=&#8221;\u00bfPor qu\u00e9 escoger a www.jardinparaisodeleden.com?&#8221; font_container=&#8221;tag:h2|text_align:center&#8221; use_theme_fonts=&#8221;yes&#8221; text_transform=&#8221;text-uppercase&#8221; css=&#8221;.vc_custom_1498759123650{margin-bottom: 0px !important;}&#8221;][vc_column_text el_class=&#8221;text-color-dark m-b-lg&#8221;]<\/p>\n<p>Nuestros controles de calidad superar cualquier expectativa de nuestros clientes.<\/p>\n<p>[\/vc_column_text][vc_row_inner 0=&#8221;&#8221;][vc_column_inner width=&#8221;1\/4&#8243;][vc_single_image image=&#8221;701&#8243; img_size=&#8221;full&#8221; alignment=&#8221;center&#8221; style=&#8221;vc_box_shadow_border_circle&#8221;][\/vc_column_inner][vc_column_inner width=&#8221;1\/4&#8243;][vc_single_image image=&#8221;696&#8243; img_size=&#8221;full&#8221; style=&#8221;vc_box_shadow_border_circle&#8221;][\/vc_column_inner][vc_column_inner width=&#8221;1\/4&#8243;][vc_single_image image=&#8221;704&#8243; img_size=&#8221;full&#8221; style=&#8221;vc_box_shadow_border_circle&#8221;][\/vc_column_inner][vc_column_inner width=&#8221;1\/4&#8243;][vc_single_image image=&#8221;705&#8243; img_size=&#8221;full&#8221; style=&#8221;vc_box_shadow_border_circle&#8221;][\/vc_column_inner][\/vc_row_inner][vc_row_inner][vc_column_inner width=&#8221;1\/2&#8243;]<div class=\"aio-icon-component    style_1\"><div id=\"Info-box-wrap-2675\" class=\"aio-icon-box top-icon\" style=\"\"  ><div class=\"aio-icon-top\"><div class=\"ult-just-icon-wrapper  \"><div class=\"align-icon\" style=\"text-align:center;\">\n<div class=\"aio-icon-img \" style=\"font-size:47px;display:inline-block;\" >\n\t<img decoding=\"async\" class=\"img-icon\" alt=\"null\" src=\"https:\/\/jardinparaisodeleden.com\/wp-content\/uploads\/2017\/03\/why-choose-us-icon-2.png\"\/>\n<\/div><\/div><\/div><\/div><div class=\"aio-icon-header\" ><h3 class=\"aio-icon-title ult-responsive\"  data-ultimate-target='#Info-box-wrap-2675 .aio-icon-title'  data-responsive-json-new='{\"font-size\":\"desktop:15px;\",\"line-height\":\"\"}'  style=\"font-weight:bold;\">\u00bfPor qu\u00e9 confiar en nosotros?<\/h3><\/div> <!-- header --><div class=\"aio-icon-description ult-responsive\"  data-ultimate-target='#Info-box-wrap-2675 .aio-icon-description'  data-responsive-json-new='{\"font-size\":\"\",\"line-height\":\"\"}'  style=\"\">\n<p>Equipo formado por jardineros cualificados con amplia experiencia.<br \/>\nNos adaptamos a sus necesidades y a las de su jard\u00edn.<br \/>\nSomos econ\u00f3micos sin renunciar en ning\u00fan momento a trabajos de calidad.<br \/>\nSomos expertos en el dise\u00f1o, paisajismo y mantenimiento completo de jardines.<\/p>\n<p><\/div> <!-- description --><\/div> <!-- aio-icon-box --><\/div> <!-- aio-icon-component -->[\/vc_column_inner][vc_column_inner width=&#8221;1\/2&#8243;]<div class=\"aio-icon-component    style_1\"><div id=\"Info-box-wrap-5450\" class=\"aio-icon-box top-icon\" style=\"\"  ><div class=\"aio-icon-top\"><div class=\"ult-just-icon-wrapper  \"><div class=\"align-icon\" style=\"text-align:center;\">\n<div class=\"aio-icon-img \" style=\"font-size:47px;display:inline-block;\" >\n\t<img decoding=\"async\" class=\"img-icon\" alt=\"null\" src=\"https:\/\/jardinparaisodeleden.com\/wp-content\/uploads\/2017\/03\/why-choose-us-icon-3.png\"\/>\n<\/div><\/div><\/div><\/div><div class=\"aio-icon-header\" ><h3 class=\"aio-icon-title ult-responsive\"  data-ultimate-target='#Info-box-wrap-5450 .aio-icon-title'  data-responsive-json-new='{\"font-size\":\"desktop:15px;\",\"line-height\":\"\"}'  style=\"font-weight:bold;\">Nuestra Empresa<\/h3><\/div> <!-- header --><div class=\"aio-icon-description ult-responsive\"  data-ultimate-target='#Info-box-wrap-5450 .aio-icon-description'  data-responsive-json-new='{\"font-size\":\"\",\"line-height\":\"\"}'  style=\"\">Jardin Paraiso del Eden es una empresa de jardineros y fumigadores que brinda servicios profesionales de jardiner\u00eda empresarial y residencial, dise\u00f1o de jardines, mantenimiento de jardines, paisajismo, fumigaci\u00f3n en general, control de plagas y venta de productos de jardiner\u00eda.<\/div> <!-- description --><\/div> <!-- aio-icon-box --><\/div> <!-- aio-icon-component -->[\/vc_column_inner][\/vc_row_inner][\/vc_column][\/vc_row][vc_row full_width=&#8221;stretch_row_content_no_spaces&#8221; equal_height=&#8221;yes&#8221;][vc_column css=&#8221;.vc_custom_1498772682288{padding-top: 0px !important;padding-bottom: 0px !important;padding-left: 0px !important;}&#8221; offset=&#8221;vc_col-md-6&#8243;][vc_gmaps link=&#8221;#E-8_JTNDaWZyYW1lJTIwc3JjJTNEJTIyaHR0cHMlM0ElMkYlMkZ3d3cuZ29vZ2xlLmNvbSUyRm1hcHMlMkZlbWJlZCUzRnBiJTNEJTIxMW0xOCUyMTFtMTIlMjExbTMlMjExZDM3ODQuNzkwNDk3NjU2NTQ5JTIxMmQtNjkuOTYzMDQzNjg0NTk4JTIxM2QxOC40NDc4MTg5ODc0NTE0MjclMjEybTMlMjExZjAlMjEyZjAlMjEzZjAlMjEzbTIlMjExaTEwMjQlMjEyaTc2OCUyMTRmMTMuMSUyMTNtMyUyMTFtMiUyMTFzMHgwJTI1M0EweDAlMjEyek1UakNzREkySnpVeUxqRWlUaUEyT2NLd05UY25Nemt1TVNKWCUyMTVlMCUyMTNtMiUyMTFzZXMlMjEyc3ZlJTIxNHYxNDk4ODU1NjY0ODUwJTIyJTIwd2lkdGglM0QlMjI2MjAlMjIlMjBoZWlnaHQlM0QlMjI0OTAlMjIlMjBmcmFtZWJvcmRlciUzRCUyMjAlMjIlMjBzdHlsZSUzRCUyMmJvcmRlciUzQTAlMjIlMjBhbGxvd2Z1bGxzY3JlZW4lM0UlM0MlMkZpZnJhbWUlM0U=&#8221; css=&#8221;.vc_custom_1498861393562{margin-bottom: -30px !important;border-bottom-width: -30px !important;padding-bottom: -30px !important;}&#8221;][\/vc_column][vc_column el_class=&#8221;background-color-secondary custom-background-image-1&#8243; css=&#8221;.vc_custom_1489224785608{padding-top: 60px !important;padding-bottom: 55px !important;padding-left: 15px !important;}&#8221; offset=&#8221;vc_col-md-6&#8243;]<div class=\"porto-container container  col-half-section col-half-section-left\">[vc_custom_heading text=&#8221;Informaci\u00f3n de Contacto&#8221; font_container=&#8221;tag:h2|text_align:left|color:%23ffffff&#8221; use_theme_fonts=&#8221;yes&#8221; text_transform=&#8221;text-uppercase&#8221; css=&#8221;.vc_custom_1498772816986{margin-bottom: 0px !important;}&#8221;][vc_column_text el_class=&#8221;text-color-dark m-b-lg&#8221;]Expertos en mantenimiento y cuidado de jardines.[\/vc_column_text][vc_column_text el_class=&#8221;m-b-lg custom-padding-right-1&#8243;]<span style=\"color: #ffffff;\">Conoce los paquetes que www.jardinparaisodeleden.com te ofrece, orientados a que tengas un excelente servicio de jardiner\u00eda a un bajo precio<\/span>[\/vc_column_text]<div class=\"aio-icon-component   custom-opacity-effect-1 style_1\"><a class=\"aio-icon-box-link\" href=\"tel:+18001234567\" title=\"tel:+18001234567\" ><div id=\"Info-box-wrap-4492\" class=\"aio-icon-box default-icon\" style=\"\"  ><div class=\"aio-icon-header\" ><h3 class=\"aio-icon-title ult-responsive\"  data-ultimate-target='#Info-box-wrap-4492 .aio-icon-title'  data-responsive-json-new='{\"font-size\":\"desktop:11px;\",\"line-height\":\"\"}'  style=\"font-weight:bold;color:#ffffff;\">CONT\u00c1CTANOS<\/h3><\/div> <!-- header --><div class=\"aio-icon-description ult-responsive\"  data-ultimate-target='#Info-box-wrap-4492 .aio-icon-description'  data-responsive-json-new='{\"font-size\":\"desktop:21px;\",\"line-height\":\"\"}'  style=\"color:#c6d4ee;\">809-756-7876<\/div> <!-- description --><\/div> <!-- aio-icon-box --><\/a><\/div> <!-- aio-icon-component --><div class=\"aio-icon-component   custom-opacity-effect-1 style_1\"><a class=\"aio-icon-box-link\" href=\"mailto:you@domain.com\" title=\"mailto:you@domain.com\" ><div id=\"Info-box-wrap-9979\" class=\"aio-icon-box default-icon\" style=\"\"  ><div class=\"aio-icon-header\" ><h3 class=\"aio-icon-title ult-responsive\"  data-ultimate-target='#Info-box-wrap-9979 .aio-icon-title'  data-responsive-json-new='{\"font-size\":\"desktop:11px;\",\"line-height\":\"\"}'  style=\"font-weight:bold;color:#ffffff;\">CORREOS<\/h3><\/div> <!-- header --><div class=\"aio-icon-description ult-responsive\"  data-ultimate-target='#Info-box-wrap-9979 .aio-icon-description'  data-responsive-json-new='{\"font-size\":\"desktop:21px;\",\"line-height\":\"\"}'  style=\"color:#c6d4ee;\">Servicioalcliente@jardinparaisodeleden.com<\/div> <!-- description --><\/div> <!-- aio-icon-box --><\/a><\/div> <!-- aio-icon-component --><\/div>[\/vc_column][\/vc_row]<\/p>\n<\/div>","protected":false},"excerpt":{"rendered":"<p>[vc_row full_width=&#8221;stretch_row&#8221; css=&#8221;.vc_custom_1498766704272{padding-top: 20px !important;padding-bottom: 20px !important;background-color: #353535 !important;}&#8221; el_class=&#8221;home-intro&#8221;][vc_column offset=&#8221;vc_col-lg-8 vc_col-md-8&#8243;][vc_column_text css=&#8221;.vc_custom_1498753867380{margin-bottom: 0px !important;}&#8221;] En Jardin Paraiso del Eden estamos comprometidos a hacer realidad tu imaginaci\u00f3n. Contamos con una amplia experiencia y cientos de clientes satisfechos. Jardiner\u00eda y Fumigaci\u00f3n [\/vc_column_text][\/vc_column][vc_column offset=&#8221;vc_col-lg-4 vc_col-md-4&#8243;][vc_btn title=&#8221;Cont\u00e1ctanos&#8221; color=&#8221;white&#8221; size=&#8221;lg&#8221; align=&#8221;right&#8221; skin=&#8221;primary&#8221; link=&#8221;url:http%3A%2F%2Fwww.jardinparaisodeleden.com%2Fcontacto%2F|||&#8221; el_class=&#8221;custom-btn-style-1 font-weight-semibold&#8221; css=&#8221;.vc_custom_1498754203262{margin-top: 10px !important;margin-bottom: 10px [&hellip;]<\/p>\n","protected":false},"author":2,"featured_media":0,"parent":0,"menu_order":0,"comment_status":"closed","ping_status":"closed","template":"","meta":{"footnotes":""},"class_list":["post-743","page","type-page","status-publish","hentry"],"_links":{"self":[{"href":"https:\/\/jardinparaisodeleden.com\/index.php?rest_route=\/wp\/v2\/pages\/743","targetHints":{"allow":["GET"]}}],"collection":[{"href":"https:\/\/jardinparaisodeleden.com\/index.php?rest_route=\/wp\/v2\/pages"}],"about":[{"href":"https:\/\/jardinparaisodeleden.com\/index.php?rest_route=\/wp\/v2\/types\/page"}],"author":[{"embeddable":true,"href":"https:\/\/jardinparaisodeleden.com\/index.php?rest_route=\/wp\/v2\/users\/2"}],"replies":[{"embeddable":true,"href":"https:\/\/jardinparaisodeleden.com\/index.php?rest_route=%2Fwp%2Fv2%2Fcomments&post=743"}],"version-history":[{"count":10,"href":"https:\/\/jardinparaisodeleden.com\/index.php?rest_route=\/wp\/v2\/pages\/743\/revisions"}],"predecessor-version":[{"id":876,"href":"https:\/\/jardinparaisodeleden.com\/index.php?rest_route=\/wp\/v2\/pages\/743\/revisions\/876"}],"wp:attachment":[{"href":"https:\/\/jardinparaisodeleden.com\/index.php?rest_route=%2Fwp%2Fv2%2Fmedia&parent=743"}],"curies":[{"name":"wp","href":"https:\/\/api.w.org\/{rel}","templated":true}]}}