{"id":747,"date":"2017-06-30T19:00:01","date_gmt":"2017-06-30T19:00:01","guid":{"rendered":"http:\/\/www.jardinparaisodeleden.com\/?page_id=747"},"modified":"2017-06-30T22:35:21","modified_gmt":"2017-06-30T22:35:21","slug":"fumigacion","status":"publish","type":"page","link":"https:\/\/jardinparaisodeleden.com\/?page_id=747","title":{"rendered":"Fumigacion"},"content":{"rendered":"<div class=\"wpb-content-wrapper\"><p>[vc_row full_width=&#8221;stretch_row&#8221; parallax=&#8221;content-moving&#8221; parallax_image=&#8221;755&#8243; css=&#8221;.vc_custom_1498849290334{padding-top: 128px !important;padding-bottom: 128px !important;}&#8221;][vc_column][vc_custom_heading text=&#8221;Fumigaci\u00f3n&#8221; font_container=&#8221;tag:h1|text_align:center|color:%23ffffff&#8221; use_theme_fonts=&#8221;yes&#8221; css=&#8221;.vc_custom_1498848598572{margin-bottom: 0px !important;}&#8221;][\/vc_column][\/vc_row][vc_row bg_type=&#8221;bg_color&#8221; bg_override=&#8221;full&#8221; bg_color_value=&#8221;#e5edf1&#8243; css=&#8221;.vc_custom_1498843807420{padding-bottom: 12px !important;}&#8221;][vc_column][vc_single_image image=&#8221;740&#8243; img_size=&#8221;full&#8221; alignment=&#8221;center&#8221;]<div id=\"ultimate-heading-420969e2b1bb92de0\" class=\"uvc-heading ult-adjust-bottom-margin ultimate-heading-420969e2b1bb92de0 uvc-2326 \" data-hspacer=\"no_spacer\"  data-halign=\"center\" style=\"text-align:center\"><div class=\"uvc-heading-spacer no_spacer\" style=\"top\"><\/div><div class=\"uvc-main-heading ult-responsive\"  data-ultimate-target='.uvc-heading.ultimate-heading-420969e2b1bb92de0 h2'  data-responsive-json-new='{\"font-size\":\"\",\"line-height\":\"desktop:27px;\"}' ><h2 style=\"font-weight:bold;\">CONTROL DE PLAGAS<\/h2><\/div><div class=\"uvc-sub-heading ult-responsive\"  data-ultimate-target='.uvc-heading.ultimate-heading-420969e2b1bb92de0 .uvc-sub-heading '  data-responsive-json-new='{\"font-size\":\"\",\"line-height\":\"\"}'  style=\"font-weight:normal;\">www.jardinparaisodeleden.com<\/div><\/div>[vc_row_inner][vc_column_inner][vc_empty_space height=&#8221;20px&#8221;][vc_column_text]Con un enfoque cient\u00edfico y basado en las normas actuales del manejo integrado de plagas, en Jardin Paraiso Del Eden brindamos un servicio especializado de fumigaciones para empresas de industria alimenticia, hotelera, manufactura y de servicios comerciales.<\/p>\n<div class=\"wpb_text_column wpb_content_element vc_custom_1498751825865\">\n<div class=\"wpb_wrapper\">\n<p>Ponemos a su alcance las mejores t\u00e9cnicas en control de plagas, fumigaci\u00f3n de jardines y tratamientos para el control de insectos.<\/p>\n<p>Para evitar plagas y enfermedades en su jard\u00edn mantenga las plantas fuertes y vigorosas, as\u00ed sus plantas ser\u00e1n mucho m\u00e1s resistentes a los par\u00e1sitos.<\/p>\n<\/div>\n<\/div>\n<p>[\/vc_column_text][\/vc_column_inner][\/vc_row_inner][vc_btn title=&#8221;Cont\u00e1ctanos&#8221; color=&#8221;green&#8221; size=&#8221;lg&#8221; align=&#8221;center&#8221; i_icon_fontawesome=&#8221;fa fa-envelope-o&#8221; add_icon=&#8221;true&#8221; link=&#8221;url:http%3A%2F%2Fwww.jardinparaisodeleden.com%2Fcontacto%2F|||&#8221;][\/vc_column][\/vc_row][vc_row bg_type=&#8221;bg_color&#8221; bg_override=&#8221;full&#8221; bg_color_value=&#8221;#e5edf1&#8243; el_class=&#8221;strategy-row&#8221;][vc_column width=&#8221;1\/3&#8243; css=&#8221;.vc_custom_1488584435777{margin-bottom: 25px !important;}&#8221;][vc_single_image image=&#8221;749&#8243; img_size=&#8221;full&#8221; css=&#8221;.vc_custom_1498848961313{border-bottom-width: 30px !important;}&#8221;][\/vc_column][vc_column width=&#8221;1\/3&#8243; css=&#8221;.vc_custom_1488584475527{margin-bottom: 25px !important;}&#8221;][vc_single_image image=&#8221;750&#8243; img_size=&#8221;full&#8221; css=&#8221;.vc_custom_1498848974361{border-bottom-width: 30px !important;}&#8221;][\/vc_column][vc_column width=&#8221;1\/3&#8243; css=&#8221;.vc_custom_1488584488109{margin-bottom: 25px !important;}&#8221;][vc_single_image image=&#8221;748&#8243; img_size=&#8221;full&#8221; css=&#8221;.vc_custom_1498848988942{border-bottom-width: 30px !important;}&#8221;][\/vc_column][\/vc_row]<\/p>\n<\/div>","protected":false},"excerpt":{"rendered":"<p>[vc_row full_width=&#8221;stretch_row&#8221; parallax=&#8221;content-moving&#8221; parallax_image=&#8221;755&#8243; css=&#8221;.vc_custom_1498849290334{padding-top: 128px !important;padding-bottom: 128px !important;}&#8221;][vc_column][vc_custom_heading text=&#8221;Fumigaci\u00f3n&#8221; font_container=&#8221;tag:h1|text_align:center|color:%23ffffff&#8221; use_theme_fonts=&#8221;yes&#8221; css=&#8221;.vc_custom_1498848598572{margin-bottom: 0px !important;}&#8221;][\/vc_column][\/vc_row][vc_row bg_type=&#8221;bg_color&#8221; bg_override=&#8221;full&#8221; bg_color_value=&#8221;#e5edf1&#8243; css=&#8221;.vc_custom_1498843807420{padding-bottom: 12px !important;}&#8221;][vc_column][vc_single_image image=&#8221;740&#8243; img_size=&#8221;full&#8221; alignment=&#8221;center&#8221;][vc_row_inner][vc_column_inner][vc_empty_space height=&#8221;20px&#8221;][vc_column_text]Con un enfoque cient\u00edfico y basado en las normas actuales del manejo integrado de plagas, en Jardin Paraiso Del Eden brindamos un servicio especializado de fumigaciones para empresas de industria alimenticia, [&hellip;]<\/p>\n","protected":false},"author":2,"featured_media":0,"parent":0,"menu_order":0,"comment_status":"closed","ping_status":"closed","template":"","meta":{"footnotes":""},"class_list":["post-747","page","type-page","status-publish","hentry"],"_links":{"self":[{"href":"https:\/\/jardinparaisodeleden.com\/index.php?rest_route=\/wp\/v2\/pages\/747","targetHints":{"allow":["GET"]}}],"collection":[{"href":"https:\/\/jardinparaisodeleden.com\/index.php?rest_route=\/wp\/v2\/pages"}],"about":[{"href":"https:\/\/jardinparaisodeleden.com\/index.php?rest_route=\/wp\/v2\/types\/page"}],"author":[{"embeddable":true,"href":"https:\/\/jardinparaisodeleden.com\/index.php?rest_route=\/wp\/v2\/users\/2"}],"replies":[{"embeddable":true,"href":"https:\/\/jardinparaisodeleden.com\/index.php?rest_route=%2Fwp%2Fv2%2Fcomments&post=747"}],"version-history":[{"count":3,"href":"https:\/\/jardinparaisodeleden.com\/index.php?rest_route=\/wp\/v2\/pages\/747\/revisions"}],"predecessor-version":[{"id":794,"href":"https:\/\/jardinparaisodeleden.com\/index.php?rest_route=\/wp\/v2\/pages\/747\/revisions\/794"}],"wp:attachment":[{"href":"https:\/\/jardinparaisodeleden.com\/index.php?rest_route=%2Fwp%2Fv2%2Fmedia&parent=747"}],"curies":[{"name":"wp","href":"https:\/\/api.w.org\/{rel}","templated":true}]}}