{"id":757,"date":"2017-06-30T19:13:50","date_gmt":"2017-06-30T19:13:50","guid":{"rendered":"http:\/\/www.jardinparaisodeleden.com\/?page_id=757"},"modified":"2017-06-30T19:13:50","modified_gmt":"2017-06-30T19:13:50","slug":"riego-automatico","status":"publish","type":"page","link":"https:\/\/jardinparaisodeleden.com\/?page_id=757","title":{"rendered":"Riego autom\u00e1tico"},"content":{"rendered":"<div class=\"wpb-content-wrapper\"><p>[vc_row full_width=&#8221;stretch_row&#8221; parallax=&#8221;content-moving&#8221; parallax_image=&#8221;653&#8243; css=&#8221;.vc_custom_1498849827350{padding-top: 128px !important;padding-bottom: 128px !important;}&#8221;][vc_column][vc_custom_heading text=&#8221;Riego autom\u00e1tico&#8221; font_container=&#8221;tag:h1|text_align:center|color:%23ffffff&#8221; use_theme_fonts=&#8221;yes&#8221; css=&#8221;.vc_custom_1498849524464{margin-bottom: 0px !important;}&#8221;][\/vc_column][\/vc_row][vc_row bg_type=&#8221;bg_color&#8221; bg_override=&#8221;full&#8221; bg_color_value=&#8221;#e5edf1&#8243; css=&#8221;.vc_custom_1498843807420{padding-bottom: 12px !important;}&#8221;][vc_column][vc_single_image image=&#8221;740&#8243; img_size=&#8221;full&#8221; alignment=&#8221;center&#8221;]<div id=\"ultimate-heading-285369e1ecdda37d0\" class=\"uvc-heading ult-adjust-bottom-margin ultimate-heading-285369e1ecdda37d0 uvc-8166 \" data-hspacer=\"no_spacer\"  data-halign=\"center\" style=\"text-align:center\"><div class=\"uvc-heading-spacer no_spacer\" style=\"top\"><\/div><div class=\"uvc-main-heading ult-responsive\"  data-ultimate-target='.uvc-heading.ultimate-heading-285369e1ecdda37d0 h2'  data-responsive-json-new='{\"font-size\":\"\",\"line-height\":\"desktop:27px;\"}' ><h2 style=\"font-weight:bold;\">Riego autom\u00e1tico<\/h2><\/div><div class=\"uvc-sub-heading ult-responsive\"  data-ultimate-target='.uvc-heading.ultimate-heading-285369e1ecdda37d0 .uvc-sub-heading '  data-responsive-json-new='{\"font-size\":\"\",\"line-height\":\"\"}'  style=\"font-weight:normal;\">www.jardinparaisodeleden.com<\/div><\/div>[vc_row_inner][vc_column_inner][vc_column_text]Tenemos el servicio que se ajusta a sus necesidades. Somos flexibles y nos adaptamos al tama\u00f1o de su jard\u00edn. No importa si es un jard\u00edn unifamiliar, comunidad o empresa.<\/p>\n<p>Somos profesionales y sacaremos partido a las posibilidades que tenga su jard\u00edn. Un buen cuidado har\u00e1 que est\u00e9 mucho m\u00e1s bonito.<\/p>\n<p>Aprovecha al m\u00e1ximo t\u00fa tiempo y ahorra en tu consumo agua con la automatizaci\u00f3n de riego de tu jard\u00edn. ofrecemos proyectos de automatizaci\u00f3n de riego de pasto, jardineras, muros verdes, \u00e1reas verdes p\u00fablicas con los mejores sistemas y equipos a la medida de su presupuesto y necesidad de riego.<br \/>\n[\/vc_column_text][\/vc_column_inner][\/vc_row_inner][vc_btn title=&#8221;Cont\u00e1ctanos&#8221; color=&#8221;green&#8221; size=&#8221;lg&#8221; align=&#8221;center&#8221; i_icon_fontawesome=&#8221;fa fa-envelope-o&#8221; add_icon=&#8221;true&#8221; link=&#8221;url:http%3A%2F%2Fwww.jardinparaisodeleden.com%2Fcontacto%2F|||&#8221;][\/vc_column][\/vc_row][vc_row bg_type=&#8221;bg_color&#8221; bg_override=&#8221;full&#8221; bg_color_value=&#8221;#e5edf1&#8243; el_class=&#8221;strategy-row&#8221;][vc_column width=&#8221;1\/3&#8243; css=&#8221;.vc_custom_1488584435777{margin-bottom: 25px !important;}&#8221;][vc_single_image image=&#8221;758&#8243; img_size=&#8221;full&#8221; css=&#8221;.vc_custom_1498849755948{border-bottom-width: 30px !important;}&#8221; label=&#8221;&#8221;][\/vc_column][vc_column width=&#8221;1\/3&#8243; css=&#8221;.vc_custom_1488584475527{margin-bottom: 25px !important;}&#8221;][vc_single_image image=&#8221;760&#8243; img_size=&#8221;full&#8221; css=&#8221;.vc_custom_1498849771964{border-bottom-width: 30px !important;}&#8221; label=&#8221;&#8221;][\/vc_column][vc_column width=&#8221;1\/3&#8243; css=&#8221;.vc_custom_1488584488109{margin-bottom: 25px !important;}&#8221;][vc_single_image image=&#8221;759&#8243; img_size=&#8221;full&#8221; css=&#8221;.vc_custom_1498849788917{border-bottom-width: 30px !important;}&#8221; label=&#8221;&#8221;][\/vc_column][\/vc_row]<\/p>\n<\/div>","protected":false},"excerpt":{"rendered":"<p>[vc_row full_width=&#8221;stretch_row&#8221; parallax=&#8221;content-moving&#8221; parallax_image=&#8221;653&#8243; css=&#8221;.vc_custom_1498849827350{padding-top: 128px !important;padding-bottom: 128px !important;}&#8221;][vc_column][vc_custom_heading text=&#8221;Riego autom\u00e1tico&#8221; font_container=&#8221;tag:h1|text_align:center|color:%23ffffff&#8221; use_theme_fonts=&#8221;yes&#8221; css=&#8221;.vc_custom_1498849524464{margin-bottom: 0px !important;}&#8221;][\/vc_column][\/vc_row][vc_row bg_type=&#8221;bg_color&#8221; bg_override=&#8221;full&#8221; bg_color_value=&#8221;#e5edf1&#8243; css=&#8221;.vc_custom_1498843807420{padding-bottom: 12px !important;}&#8221;][vc_column][vc_single_image image=&#8221;740&#8243; img_size=&#8221;full&#8221; alignment=&#8221;center&#8221;][vc_row_inner][vc_column_inner][vc_column_text]Tenemos el servicio que se ajusta a sus necesidades. Somos flexibles y nos adaptamos al tama\u00f1o de su jard\u00edn. No importa si es un jard\u00edn unifamiliar, comunidad o empresa. Somos profesionales [&hellip;]<\/p>\n","protected":false},"author":2,"featured_media":0,"parent":0,"menu_order":0,"comment_status":"closed","ping_status":"closed","template":"","meta":{"footnotes":""},"class_list":["post-757","page","type-page","status-publish","hentry"],"_links":{"self":[{"href":"https:\/\/jardinparaisodeleden.com\/index.php?rest_route=\/wp\/v2\/pages\/757","targetHints":{"allow":["GET"]}}],"collection":[{"href":"https:\/\/jardinparaisodeleden.com\/index.php?rest_route=\/wp\/v2\/pages"}],"about":[{"href":"https:\/\/jardinparaisodeleden.com\/index.php?rest_route=\/wp\/v2\/types\/page"}],"author":[{"embeddable":true,"href":"https:\/\/jardinparaisodeleden.com\/index.php?rest_route=\/wp\/v2\/users\/2"}],"replies":[{"embeddable":true,"href":"https:\/\/jardinparaisodeleden.com\/index.php?rest_route=%2Fwp%2Fv2%2Fcomments&post=757"}],"version-history":[{"count":1,"href":"https:\/\/jardinparaisodeleden.com\/index.php?rest_route=\/wp\/v2\/pages\/757\/revisions"}],"predecessor-version":[{"id":761,"href":"https:\/\/jardinparaisodeleden.com\/index.php?rest_route=\/wp\/v2\/pages\/757\/revisions\/761"}],"wp:attachment":[{"href":"https:\/\/jardinparaisodeleden.com\/index.php?rest_route=%2Fwp%2Fv2%2Fmedia&parent=757"}],"curies":[{"name":"wp","href":"https:\/\/api.w.org\/{rel}","templated":true}]}}