{"id":787,"date":"2017-06-30T21:23:57","date_gmt":"2017-06-30T21:23:57","guid":{"rendered":"http:\/\/www.jardinparaisodeleden.com\/?page_id=787"},"modified":"2017-06-30T21:24:45","modified_gmt":"2017-06-30T21:24:45","slug":"quienes-somos","status":"publish","type":"page","link":"https:\/\/jardinparaisodeleden.com\/?page_id=787","title":{"rendered":"Quienes Somos"},"content":{"rendered":"<div class=\"wpb-content-wrapper\"><p>[vc_row full_width=&#8221;stretch_row&#8221; parallax=&#8221;content-moving&#8221; parallax_image=&#8221;54&#8243; css=&#8221;.vc_custom_1489225026310{padding-top: 128px !important;padding-bottom: 128px !important;}&#8221;][vc_column][vc_custom_heading text=&#8221;Sobres Nosotros&#8221; font_container=&#8221;tag:h1|text_align:center&#8221; use_theme_fonts=&#8221;yes&#8221; css=&#8221;.vc_custom_1498857244234{margin-bottom: 0px !important;}&#8221;][\/vc_column][\/vc_row][vc_row css=&#8221;.vc_custom_1488777218947{padding-top: 25px !important;padding-bottom: 60px !important;}&#8221;][vc_column][vc_column_text css=&#8221;.vc_custom_1498856057674{margin-top: 30px !important;}&#8221;]Somos una empresa de jardineros y fumigadores en Republica Dominicana que nace por la necesidad de crear y preservar \u00e1reas verdes en una relaci\u00f3n estrecha con la est\u00e9tica y la funcionalidad.<\/p>\n<p>Nuestro servicio de jardiner\u00eda y fumigaci\u00f3n est\u00e1 encaminado a crear un entorno m\u00e1s agradable, sustentable y libre de plagas para nuestros clientes.<\/p>\n<p>Nuestro equipo de profesionales brinda servicios de fumigaci\u00f3n y jardiner\u00eda integral como lo es el mantenimiento de jardines, poda de pasto, dise\u00f1o de jardines, muros verdes y paisajismo.[\/vc_column_text][\/vc_column][\/vc_row][vc_row full_width=&#8221;stretch_row&#8221; css=&#8221;.vc_custom_1498857008370{padding-top: 60px !important;padding-bottom: 45px !important;background-color: #3c6941 !important;}&#8221;][vc_column width=&#8221;1\/2&#8243;]<div class=\"aio-icon-component  vc_custom_1498857232798   style_1\"><div id=\"Info-box-wrap-4556\" class=\"aio-icon-box left-icon\" style=\"\"  ><div class=\"aio-icon-left\"><div class=\"ult-just-icon-wrapper  \"><div class=\"align-icon\" style=\"text-align:center;\">\n<div class=\"aio-icon-img \" style=\"font-size:45px;display:inline-block;\" >\n\t<img decoding=\"async\" class=\"img-icon\" alt=\"null\" src=\"https:\/\/jardinparaisodeleden.com\/wp-content\/uploads\/2017\/03\/custom-icon-1-1.png\"\/>\n<\/div><\/div><\/div><\/div><div class=\"aio-ibd-block\"><div class=\"aio-icon-header\" ><h3 class=\"aio-icon-title ult-responsive\"  data-ultimate-target='#Info-box-wrap-4556 .aio-icon-title'  data-responsive-json-new='{\"font-size\":\"desktop:25px;\",\"line-height\":\"desktop:27px;\"}'  style=\"font-weight:bold;color:#ffffff;\">Misi\u00f3n:<\/h3><\/div> <!-- header --><\/div> <!-- aio-ibd-block --><\/div> <!-- aio-icon-box --><\/div> <!-- aio-icon-component -->[vc_column_text]<span style=\"color: #ffffff;\">Nuestra misi\u00f3n y meta es satisfacer al cliente por medio de un servicio exclusivo, adaptado a las necesidades de cada uno, liderando el mercado en el control de plagas y servicios de zonas verdes, de modo que los que opten por nuestros servicios, desarrollen sus actividades en ambientes salubres y est\u00e9ticamente hermosos.<\/span>[\/vc_column_text][\/vc_column][vc_column width=&#8221;1\/2&#8243;]<div class=\"aio-icon-component  vc_custom_1498857538102   style_1\"><div id=\"Info-box-wrap-3677\" class=\"aio-icon-box left-icon\" style=\"\"  ><div class=\"aio-icon-left\"><div class=\"ult-just-icon-wrapper  \"><div class=\"align-icon\" style=\"text-align:center;\">\n<div class=\"aio-icon-img \" style=\"font-size:45px;display:inline-block;\" >\n\t<img decoding=\"async\" class=\"img-icon\" alt=\"null\" src=\"https:\/\/jardinparaisodeleden.com\/wp-content\/uploads\/2017\/03\/custom-icon-2-1.png\"\/>\n<\/div><\/div><\/div><\/div><div class=\"aio-ibd-block\"><div class=\"aio-icon-header\" ><h3 class=\"aio-icon-title ult-responsive\"  data-ultimate-target='#Info-box-wrap-3677 .aio-icon-title'  data-responsive-json-new='{\"font-size\":\"desktop:25px;\",\"line-height\":\"desktop:27px;\"}'  style=\"font-weight:bold;color:#ffffff;\">Visi\u00f3n:<\/h3><\/div> <!-- header --><\/div> <!-- aio-ibd-block --><\/div> <!-- aio-icon-box --><\/div> <!-- aio-icon-component -->[vc_column_text]<span style=\"color: #ffffff;\">Nuestra visi\u00f3n es convertirnos en su empresa de confianza y l\u00edder del mercado en el exterminio de plagas, que ponen en peligro su salud y la de sus seres queridos, para ello:<\/span><br \/>\n<span style=\"color: #ffffff;\">garantizamos el servicio y la salubridad de su hogar,<\/span><br \/>\n<span style=\"color: #ffffff;\">utilizamos tecnolog\u00edas de avanzada en nuestros productos no siendo perjudiciales para seres vivos.<\/span>[\/vc_column_text][\/vc_column][\/vc_row][vc_row css=&#8221;.vc_custom_1488788522732{padding-top: 25px !important;padding-bottom: 25px !important;}&#8221;][vc_column offset=&#8221;vc_col-md-6&#8243;][vc_single_image image=&#8221;782&#8243; img_size=&#8221;full&#8221; alignment=&#8221;center&#8221;][\/vc_column][vc_column offset=&#8221;vc_col-md-6&#8243;][vc_custom_heading text=&#8221;Nuestros valores&#8221; font_container=&#8221;tag:h4|text_align:left&#8221; use_theme_fonts=&#8221;yes&#8221;][vc_progress_bar values=&#8221;%5B%7B%22label%22%3A%22Confianza%22%2C%22value%22%3A%2299%22%7D%2C%7B%22label%22%3A%22Profesionalidad%22%2C%22value%22%3A%2299%22%7D%2C%7B%22label%22%3A%22Experiencia%22%2C%22value%22%3A%2299%22%7D%2C%7B%22label%22%3A%22Trato%20con%20el%20cliente%22%2C%22value%22%3A%2299%22%7D%2C%7B%22label%22%3A%22Trabajos%20terminados%20a%20tiempo%22%2C%22value%22%3A%22100%22%7D%2C%7B%22label%22%3A%22Resultados%20satisfactorios%22%2C%22value%22%3A%2299%22%7D%5D&#8221; bgcolor=&#8221;custom&#8221; custombgcolor=&#8221;#3c6941&#8243; units=&#8221;%&#8221;][\/vc_column][\/vc_row]<\/p>\n<\/div>","protected":false},"excerpt":{"rendered":"<p>[vc_row full_width=&#8221;stretch_row&#8221; parallax=&#8221;content-moving&#8221; parallax_image=&#8221;54&#8243; css=&#8221;.vc_custom_1489225026310{padding-top: 128px !important;padding-bottom: 128px !important;}&#8221;][vc_column][vc_custom_heading text=&#8221;Sobres Nosotros&#8221; font_container=&#8221;tag:h1|text_align:center&#8221; use_theme_fonts=&#8221;yes&#8221; css=&#8221;.vc_custom_1498857244234{margin-bottom: 0px !important;}&#8221;][\/vc_column][\/vc_row][vc_row css=&#8221;.vc_custom_1488777218947{padding-top: 25px !important;padding-bottom: 60px !important;}&#8221;][vc_column][vc_column_text css=&#8221;.vc_custom_1498856057674{margin-top: 30px !important;}&#8221;]Somos una empresa de jardineros y fumigadores en Republica Dominicana que nace por la necesidad de crear y preservar \u00e1reas verdes en una relaci\u00f3n estrecha con la est\u00e9tica y la funcionalidad. Nuestro [&hellip;]<\/p>\n","protected":false},"author":2,"featured_media":0,"parent":0,"menu_order":0,"comment_status":"closed","ping_status":"closed","template":"","meta":{"footnotes":""},"class_list":["post-787","page","type-page","status-publish","hentry"],"_links":{"self":[{"href":"https:\/\/jardinparaisodeleden.com\/index.php?rest_route=\/wp\/v2\/pages\/787","targetHints":{"allow":["GET"]}}],"collection":[{"href":"https:\/\/jardinparaisodeleden.com\/index.php?rest_route=\/wp\/v2\/pages"}],"about":[{"href":"https:\/\/jardinparaisodeleden.com\/index.php?rest_route=\/wp\/v2\/types\/page"}],"author":[{"embeddable":true,"href":"https:\/\/jardinparaisodeleden.com\/index.php?rest_route=\/wp\/v2\/users\/2"}],"replies":[{"embeddable":true,"href":"https:\/\/jardinparaisodeleden.com\/index.php?rest_route=%2Fwp%2Fv2%2Fcomments&post=787"}],"version-history":[{"count":2,"href":"https:\/\/jardinparaisodeleden.com\/index.php?rest_route=\/wp\/v2\/pages\/787\/revisions"}],"predecessor-version":[{"id":789,"href":"https:\/\/jardinparaisodeleden.com\/index.php?rest_route=\/wp\/v2\/pages\/787\/revisions\/789"}],"wp:attachment":[{"href":"https:\/\/jardinparaisodeleden.com\/index.php?rest_route=%2Fwp%2Fv2%2Fmedia&parent=787"}],"curies":[{"name":"wp","href":"https:\/\/api.w.org\/{rel}","templated":true}]}}